{"id":1326,"date":"2020-12-15T09:06:15","date_gmt":"2020-12-15T09:06:15","guid":{"rendered":"https:\/\/spib.press\/sindicato-periodistas-illes-balears\/igualtat-i-conciliacio\/"},"modified":"2021-02-17T19:51:34","modified_gmt":"2021-02-17T18:51:34","slug":"igualdad-y-conciliacion","status":"publish","type":"page","link":"https:\/\/spib.press\/es\/sindicato-periodistas-illes-balears\/igualdad-y-conciliacion\/","title":{"rendered":"Igualdad y conciliaci\u00f3n"},"content":{"rendered":"\t\t<div data-elementor-type=\"wp-page\" data-elementor-id=\"1326\" class=\"elementor elementor-1326 elementor-682\" data-elementor-settings=\"{&quot;ha_cmc_init_switcher&quot;:&quot;no&quot;}\" data-elementor-post-type=\"page\">\n\t\t\t\t\t\t<section class=\"elementor-section elementor-top-section elementor-element elementor-element-f187a88 elementor-section-full_width elementor-section-height-min-height elementor-section-content-middle elementor-section-height-default elementor-section-items-middle\" data-id=\"f187a88\" data-element_type=\"section\" data-e-type=\"section\" data-settings=\"{&quot;jet_parallax_layout_list&quot;:[{&quot;jet_parallax_layout_image&quot;:{&quot;url&quot;:&quot;&quot;,&quot;id&quot;:&quot;&quot;,&quot;size&quot;:&quot;&quot;},&quot;_id&quot;:&quot;c384551&quot;,&quot;jet_parallax_layout_image_tablet&quot;:{&quot;url&quot;:&quot;&quot;,&quot;id&quot;:&quot;&quot;,&quot;size&quot;:&quot;&quot;},&quot;jet_parallax_layout_image_mobile&quot;:{&quot;url&quot;:&quot;&quot;,&quot;id&quot;:&quot;&quot;,&quot;size&quot;:&quot;&quot;},&quot;jet_parallax_layout_speed&quot;:{&quot;unit&quot;:&quot;%&quot;,&quot;size&quot;:50,&quot;sizes&quot;:[]},&quot;jet_parallax_layout_type&quot;:&quot;scroll&quot;,&quot;jet_parallax_layout_direction&quot;:&quot;1&quot;,&quot;jet_parallax_layout_fx_direction&quot;:null,&quot;jet_parallax_layout_z_index&quot;:&quot;&quot;,&quot;jet_parallax_layout_bg_x&quot;:50,&quot;jet_parallax_layout_bg_x_tablet&quot;:&quot;&quot;,&quot;jet_parallax_layout_bg_x_mobile&quot;:&quot;&quot;,&quot;jet_parallax_layout_bg_y&quot;:50,&quot;jet_parallax_layout_bg_y_tablet&quot;:&quot;&quot;,&quot;jet_parallax_layout_bg_y_mobile&quot;:&quot;&quot;,&quot;jet_parallax_layout_bg_size&quot;:&quot;auto&quot;,&quot;jet_parallax_layout_bg_size_tablet&quot;:&quot;&quot;,&quot;jet_parallax_layout_bg_size_mobile&quot;:&quot;&quot;,&quot;jet_parallax_layout_animation_prop&quot;:&quot;transform&quot;,&quot;jet_parallax_layout_on&quot;:[&quot;desktop&quot;,&quot;tablet&quot;]}],&quot;_ha_eqh_enable&quot;:false}\">\n\t\t\t\t\t\t\t<div class=\"elementor-background-overlay\"><\/div>\n\t\t\t\t\t\t\t<div class=\"elementor-container elementor-column-gap-default\">\n\t\t\t\t\t<div class=\"elementor-column elementor-col-100 elementor-top-column elementor-element elementor-element-36c3f23\" data-id=\"36c3f23\" data-element_type=\"column\" data-e-type=\"column\">\n\t\t\t<div class=\"elementor-widget-wrap elementor-element-populated\">\n\t\t\t\t\t\t<div class=\"elementor-element elementor-element-a5d498c elementor-widget elementor-widget-heading\" data-id=\"a5d498c\" data-element_type=\"widget\" data-e-type=\"widget\" data-widget_type=\"heading.default\">\n\t\t\t\t<div class=\"elementor-widget-container\">\n\t\t\t\t\t<h2 class=\"elementor-heading-title elementor-size-default\">Igualdad y conciliaci\u00f3n<\/h2>\t\t\t\t<\/div>\n\t\t\t\t<\/div>\n\t\t\t\t\t<\/div>\n\t\t<\/div>\n\t\t\t\t\t<\/div>\n\t\t<\/section>\n\t\t\t\t<section class=\"elementor-section elementor-top-section elementor-element elementor-element-9ac5d63 elementor-section-boxed elementor-section-height-default elementor-section-height-default\" data-id=\"9ac5d63\" data-element_type=\"section\" data-e-type=\"section\" data-settings=\"{&quot;jet_parallax_layout_list&quot;:[{&quot;jet_parallax_layout_image&quot;:{&quot;url&quot;:&quot;&quot;,&quot;id&quot;:&quot;&quot;,&quot;size&quot;:&quot;&quot;},&quot;_id&quot;:&quot;467f894&quot;,&quot;jet_parallax_layout_image_tablet&quot;:{&quot;url&quot;:&quot;&quot;,&quot;id&quot;:&quot;&quot;,&quot;size&quot;:&quot;&quot;},&quot;jet_parallax_layout_image_mobile&quot;:{&quot;url&quot;:&quot;&quot;,&quot;id&quot;:&quot;&quot;,&quot;size&quot;:&quot;&quot;},&quot;jet_parallax_layout_speed&quot;:{&quot;unit&quot;:&quot;%&quot;,&quot;size&quot;:50,&quot;sizes&quot;:[]},&quot;jet_parallax_layout_type&quot;:&quot;scroll&quot;,&quot;jet_parallax_layout_direction&quot;:&quot;1&quot;,&quot;jet_parallax_layout_fx_direction&quot;:null,&quot;jet_parallax_layout_z_index&quot;:&quot;&quot;,&quot;jet_parallax_layout_bg_x&quot;:50,&quot;jet_parallax_layout_bg_x_tablet&quot;:&quot;&quot;,&quot;jet_parallax_layout_bg_x_mobile&quot;:&quot;&quot;,&quot;jet_parallax_layout_bg_y&quot;:50,&quot;jet_parallax_layout_bg_y_tablet&quot;:&quot;&quot;,&quot;jet_parallax_layout_bg_y_mobile&quot;:&quot;&quot;,&quot;jet_parallax_layout_bg_size&quot;:&quot;auto&quot;,&quot;jet_parallax_layout_bg_size_tablet&quot;:&quot;&quot;,&quot;jet_parallax_layout_bg_size_mobile&quot;:&quot;&quot;,&quot;jet_parallax_layout_animation_prop&quot;:&quot;transform&quot;,&quot;jet_parallax_layout_on&quot;:[&quot;desktop&quot;,&quot;tablet&quot;]}],&quot;_ha_eqh_enable&quot;:false}\">\n\t\t\t\t\t\t<div class=\"elementor-container elementor-column-gap-no\">\n\t\t\t\t\t<div class=\"elementor-column elementor-col-100 elementor-top-column elementor-element elementor-element-030aef7\" data-id=\"030aef7\" data-element_type=\"column\" data-e-type=\"column\">\n\t\t\t<div class=\"elementor-widget-wrap elementor-element-populated\">\n\t\t\t\t\t\t<section class=\"elementor-section elementor-inner-section elementor-element elementor-element-ee3faae elementor-section-boxed elementor-section-height-default elementor-section-height-default\" data-id=\"ee3faae\" data-element_type=\"section\" data-e-type=\"section\" data-settings=\"{&quot;jet_parallax_layout_list&quot;:[{&quot;jet_parallax_layout_image&quot;:{&quot;url&quot;:&quot;&quot;,&quot;id&quot;:&quot;&quot;,&quot;size&quot;:&quot;&quot;},&quot;_id&quot;:&quot;6a4576f&quot;,&quot;jet_parallax_layout_image_tablet&quot;:{&quot;url&quot;:&quot;&quot;,&quot;id&quot;:&quot;&quot;,&quot;size&quot;:&quot;&quot;},&quot;jet_parallax_layout_image_mobile&quot;:{&quot;url&quot;:&quot;&quot;,&quot;id&quot;:&quot;&quot;,&quot;size&quot;:&quot;&quot;},&quot;jet_parallax_layout_speed&quot;:{&quot;unit&quot;:&quot;%&quot;,&quot;size&quot;:50,&quot;sizes&quot;:[]},&quot;jet_parallax_layout_type&quot;:&quot;scroll&quot;,&quot;jet_parallax_layout_direction&quot;:&quot;1&quot;,&quot;jet_parallax_layout_fx_direction&quot;:null,&quot;jet_parallax_layout_z_index&quot;:&quot;&quot;,&quot;jet_parallax_layout_bg_x&quot;:50,&quot;jet_parallax_layout_bg_x_tablet&quot;:&quot;&quot;,&quot;jet_parallax_layout_bg_x_mobile&quot;:&quot;&quot;,&quot;jet_parallax_layout_bg_y&quot;:50,&quot;jet_parallax_layout_bg_y_tablet&quot;:&quot;&quot;,&quot;jet_parallax_layout_bg_y_mobile&quot;:&quot;&quot;,&quot;jet_parallax_layout_bg_size&quot;:&quot;auto&quot;,&quot;jet_parallax_layout_bg_size_tablet&quot;:&quot;&quot;,&quot;jet_parallax_layout_bg_size_mobile&quot;:&quot;&quot;,&quot;jet_parallax_layout_animation_prop&quot;:&quot;transform&quot;,&quot;jet_parallax_layout_on&quot;:[&quot;desktop&quot;,&quot;tablet&quot;]}],&quot;_ha_eqh_enable&quot;:false}\">\n\t\t\t\t\t\t<div class=\"elementor-container elementor-column-gap-default\">\n\t\t\t\t\t<div class=\"elementor-column elementor-col-50 elementor-inner-column elementor-element elementor-element-653ee91\" data-id=\"653ee91\" data-element_type=\"column\" data-e-type=\"column\">\n\t\t\t<div class=\"elementor-widget-wrap elementor-element-populated\">\n\t\t\t\t\t\t<div class=\"elementor-element elementor-element-5f0f07a elementor-widget elementor-widget-heading\" data-id=\"5f0f07a\" data-element_type=\"widget\" data-e-type=\"widget\" data-widget_type=\"heading.default\">\n\t\t\t\t<div class=\"elementor-widget-container\">\n\t\t\t\t\t<h2 class=\"elementor-heading-title elementor-size-default\">Igualdad y conciliaci\u00f3n<\/h2>\t\t\t\t<\/div>\n\t\t\t\t<\/div>\n\t\t\t\t<div class=\"elementor-element elementor-element-89dee56 elementor-widget__width-initial elementor-absolute ha-has-bg-overlay elementor-widget elementor-widget-spacer\" data-id=\"89dee56\" data-element_type=\"widget\" data-e-type=\"widget\" data-settings=\"{&quot;_position&quot;:&quot;absolute&quot;}\" data-widget_type=\"spacer.default\">\n\t\t\t\t<div class=\"elementor-widget-container\">\n\t\t\t\t\t\t\t<div class=\"elementor-spacer\">\n\t\t\t<div class=\"elementor-spacer-inner\"><\/div>\n\t\t<\/div>\n\t\t\t\t\t\t<\/div>\n\t\t\t\t<\/div>\n\t\t\t\t\t<\/div>\n\t\t<\/div>\n\t\t\t\t<div class=\"elementor-column elementor-col-50 elementor-inner-column elementor-element elementor-element-635ae36\" data-id=\"635ae36\" data-element_type=\"column\" data-e-type=\"column\">\n\t\t\t<div class=\"elementor-widget-wrap elementor-element-populated\">\n\t\t\t\t\t\t<div class=\"elementor-element elementor-element-ac9f868 elementor-widget elementor-widget-text-editor\" data-id=\"ac9f868\" data-element_type=\"widget\" data-e-type=\"widget\" data-widget_type=\"text-editor.default\">\n\t\t\t\t<div class=\"elementor-widget-container\">\n\t\t\t\t\t\t\t\t\t<p>Nuestra agenda de trabajo tiene dos prioridades: la lucha por la igualdad de g\u00e9nero y fomentar el\u00a0equilibrio entre las obligaciones familiares y profesionales\u00a0de los trabajadores de la informaci\u00f3n.<\/p><p>La encuesta que hizo el SPIB en 2018 puso de manifiesto que la precariedad y la brecha salarial son mayores entre las mujeres, que tambi\u00e9n denuncian haber sufrido acoso laboral (43,05%), y discriminaci\u00f3n sexual (32%). Adem\u00e1s, el 12% de las encuestadas afirma haber sufrido acoso sexual.<\/p><p>Son las mujeres las que asumen mayoritariamente la responsabilidad del cuidado de los hijos o familiares a cargo, por lo que se ven obligadas a trabajar menos horas, a pasar m\u00e1s tiempo en tareas no remuneradas, a renunciar a promociones en el trabajo, o a abandonar por completo el periodismo. Ellas son, por tanto, objeto de atenci\u00f3n prioritaria.<\/p><p>Nuestros objetivos son:<\/p><ul><li>Crear lugares de trabajo m\u00e1s inclusivos y libres de discriminaci\u00f3n por raz\u00f3n de g\u00e9nero.<\/li><li>Luchar contra las situaciones de acoso laboral y sexual en el trabajo, as\u00ed como contra la violencia y hostigamiento, especialmente en redes, que sufren los y las periodistas.\u00a0<\/li><li>Reducir la precariedad en las condiciones de trabajo y la brecha salarial que sufren las mujeres periodistas, y que afecta no solo a su vida laboral sino tambi\u00e9n a su jubilaci\u00f3n.<\/li><li>Promover medidas para hacer efectivo el derecho a un equilibrio entre las obligaciones familiares y profesionales\u00a0de los trabajadores de la informaci\u00f3n, especialmente de las mujeres.<\/li><li>Promover la presencia y participaci\u00f3n de las mujeres periodistas en los comit\u00e9s de empresa y otros \u00e1mbitos de negociaci\u00f3n y decisi\u00f3n.<\/li><li>Promover una representaci\u00f3n de g\u00e9nero justa en los medios de comunicaci\u00f3n, alejada de estereotipos, lenguaje sexista y atribuci\u00f3n de la culpa a las v\u00edctimas.<\/li><\/ul><p>\u00a0<\/p><p>Si quieres hacer una consulta o denunciar una situaci\u00f3n de discriminaci\u00f3n, contacta con nosotros\u00a0<\/p>\t\t\t\t\t\t\t\t<\/div>\n\t\t\t\t<\/div>\n\t\t\t\t<div class=\"elementor-element elementor-element-17b056a elementor-widget elementor-widget-text-editor\" data-id=\"17b056a\" data-element_type=\"widget\" data-e-type=\"widget\" data-widget_type=\"text-editor.default\">\n\t\t\t\t<div class=\"elementor-widget-container\">\n\t\t\t\t\t\t\t\t\t<p><strong>Enlaces:<\/strong><\/p><p><a href=\"https:\/\/www.consilium.europa.eu\/es\/press\/press-releases\/2019\/06\/13\/better-work-life-balance-for-parents-and-carers-in-the-eu-council-adopts-new-rules\/\" target=\"_blank\" rel=\"noopener\">Nuevas normas de conciliaci\u00f3n de la vida familiar y laboral de la UE (pendiente adaptaci\u00f3n normativa).<\/a> 2019.<\/p><p><a href=\"http:\/\/libertadinformacion.cc\/informe-de-la-pdli-sobre-la-desigualdad-en-el-periodismo-2-de-cada-3-mujeres-periodistas-denuncian-la-falta-de-expectativas-de-promocion-en-su-trabajo\/\" target=\"_blank\" rel=\"noopener\">Estudio de la PDLI sobre mujeres periodistas en Espa\u00f1a: dos de cada tres denuncian obst\u00e1culos para ascender en su trabajo<\/a>. Marzo 2020<\/p><p><a href=\"https:\/\/fesperiodistas.org\/covid-19-las-mujeres-periodistas-sufren-mayor-estres-por-el-covid-19-segun-el-estudio-de-la-fip\/\" target=\"_blank\" rel=\"noopener\">COVID-19: Las mujeres periodistas sufren mayor estr\u00e9s por el COVID-19, seg\u00fan el estudio de la FIP<\/a>. Marzo 2020<\/p><p><a href=\"https:\/\/www.boe.es\/diario_boe\/txt.php?id=BOE-A-2020-11043\" target=\"_blank\" rel=\"noopener\">Real Decreto-ley 28\/2020, de 22 de septiembre, de trabajo a distancia<\/a>. Septiembre 2020<\/p>\t\t\t\t\t\t\t\t<\/div>\n\t\t\t\t<\/div>\n\t\t\t\t\t<\/div>\n\t\t<\/div>\n\t\t\t\t\t<\/div>\n\t\t<\/section>\n\t\t\t\t\t<\/div>\n\t\t<\/div>\n\t\t\t\t\t<\/div>\n\t\t<\/section>\n\t\t\t\t<section class=\"elementor-section elementor-top-section elementor-element elementor-element-4414235 elementor-section-boxed elementor-section-height-default elementor-section-height-default\" data-id=\"4414235\" data-element_type=\"section\" data-e-type=\"section\" data-settings=\"{&quot;jet_parallax_layout_list&quot;:[{&quot;jet_parallax_layout_image&quot;:{&quot;url&quot;:&quot;&quot;,&quot;id&quot;:&quot;&quot;,&quot;size&quot;:&quot;&quot;},&quot;_id&quot;:&quot;45a32df&quot;,&quot;jet_parallax_layout_image_tablet&quot;:{&quot;url&quot;:&quot;&quot;,&quot;id&quot;:&quot;&quot;,&quot;size&quot;:&quot;&quot;},&quot;jet_parallax_layout_image_mobile&quot;:{&quot;url&quot;:&quot;&quot;,&quot;id&quot;:&quot;&quot;,&quot;size&quot;:&quot;&quot;},&quot;jet_parallax_layout_speed&quot;:{&quot;unit&quot;:&quot;%&quot;,&quot;size&quot;:50,&quot;sizes&quot;:[]},&quot;jet_parallax_layout_type&quot;:&quot;scroll&quot;,&quot;jet_parallax_layout_direction&quot;:&quot;1&quot;,&quot;jet_parallax_layout_fx_direction&quot;:null,&quot;jet_parallax_layout_z_index&quot;:&quot;&quot;,&quot;jet_parallax_layout_bg_x&quot;:50,&quot;jet_parallax_layout_bg_x_tablet&quot;:&quot;&quot;,&quot;jet_parallax_layout_bg_x_mobile&quot;:&quot;&quot;,&quot;jet_parallax_layout_bg_y&quot;:50,&quot;jet_parallax_layout_bg_y_tablet&quot;:&quot;&quot;,&quot;jet_parallax_layout_bg_y_mobile&quot;:&quot;&quot;,&quot;jet_parallax_layout_bg_size&quot;:&quot;auto&quot;,&quot;jet_parallax_layout_bg_size_tablet&quot;:&quot;&quot;,&quot;jet_parallax_layout_bg_size_mobile&quot;:&quot;&quot;,&quot;jet_parallax_layout_animation_prop&quot;:&quot;transform&quot;,&quot;jet_parallax_layout_on&quot;:[&quot;desktop&quot;,&quot;tablet&quot;]}],&quot;_ha_eqh_enable&quot;:false}\">\n\t\t\t\t\t\t<div class=\"elementor-container elementor-column-gap-default\">\n\t\t\t\t\t<div class=\"elementor-column elementor-col-100 elementor-top-column elementor-element elementor-element-0caead7\" data-id=\"0caead7\" data-element_type=\"column\" data-e-type=\"column\">\n\t\t\t<div class=\"elementor-widget-wrap elementor-element-populated\">\n\t\t\t\t\t\t<div class=\"elementor-element elementor-element-9c46d94 elementor-widget elementor-widget-spacer\" data-id=\"9c46d94\" data-element_type=\"widget\" data-e-type=\"widget\" data-widget_type=\"spacer.default\">\n\t\t\t\t<div class=\"elementor-widget-container\">\n\t\t\t\t\t\t\t<div class=\"elementor-spacer\">\n\t\t\t<div class=\"elementor-spacer-inner\"><\/div>\n\t\t<\/div>\n\t\t\t\t\t\t<\/div>\n\t\t\t\t<\/div>\n\t\t\t\t\t<\/div>\n\t\t<\/div>\n\t\t\t\t\t<\/div>\n\t\t<\/section>\n\t\t\t\t<\/div>\n\t\t","protected":false},"excerpt":{"rendered":"<p>Igualdad y conciliaci\u00f3n Igualdad y conciliaci\u00f3n Nuestra agenda de trabajo tiene dos prioridades: la lucha por la igualdad de g\u00e9nero y fomentar el\u00a0equilibrio entre las obligaciones familiares y profesionales\u00a0de los trabajadores de la informaci\u00f3n. La encuesta que hizo el SPIB en 2018 puso de manifiesto que la precariedad y la brecha salarial son mayores entre [&hellip;]<\/p>\n","protected":false},"author":1,"featured_media":0,"parent":1131,"menu_order":0,"comment_status":"closed","ping_status":"closed","template":"elementor_header_footer","meta":{"footnotes":""},"class_list":["post-1326","page","type-page","status-publish","hentry"],"_links":{"self":[{"href":"https:\/\/spib.press\/es\/wp-json\/wp\/v2\/pages\/1326","targetHints":{"allow":["GET"]}}],"collection":[{"href":"https:\/\/spib.press\/es\/wp-json\/wp\/v2\/pages"}],"about":[{"href":"https:\/\/spib.press\/es\/wp-json\/wp\/v2\/types\/page"}],"author":[{"embeddable":true,"href":"https:\/\/spib.press\/es\/wp-json\/wp\/v2\/users\/1"}],"replies":[{"embeddable":true,"href":"https:\/\/spib.press\/es\/wp-json\/wp\/v2\/comments?post=1326"}],"version-history":[{"count":5,"href":"https:\/\/spib.press\/es\/wp-json\/wp\/v2\/pages\/1326\/revisions"}],"predecessor-version":[{"id":3105,"href":"https:\/\/spib.press\/es\/wp-json\/wp\/v2\/pages\/1326\/revisions\/3105"}],"up":[{"embeddable":true,"href":"https:\/\/spib.press\/es\/wp-json\/wp\/v2\/pages\/1131"}],"wp:attachment":[{"href":"https:\/\/spib.press\/es\/wp-json\/wp\/v2\/media?parent=1326"}],"curies":[{"name":"wp","href":"https:\/\/api.w.org\/{rel}","templated":true}]}}