{"id":2541,"date":"2021-02-03T16:06:49","date_gmt":"2021-02-03T15:06:49","guid":{"rendered":"https:\/\/spib.press\/?page_id=2541"},"modified":"2021-02-03T16:07:21","modified_gmt":"2021-02-03T15:07:21","slug":"condiciones-generales-de-contratacion","status":"publish","type":"page","link":"https:\/\/spib.press\/es\/condiciones-generales-de-contratacion\/","title":{"rendered":"Condiciones generales de contrataci\u00f3n"},"content":{"rendered":"\t\t<div data-elementor-type=\"wp-page\" data-elementor-id=\"2541\" class=\"elementor elementor-2541\" data-elementor-settings=\"{&quot;ha_cmc_init_switcher&quot;:&quot;no&quot;}\" data-elementor-post-type=\"page\">\n\t\t\t\t\t\t<section class=\"elementor-section elementor-top-section elementor-element elementor-element-2008acf elementor-section-boxed elementor-section-height-default elementor-section-height-default\" data-id=\"2008acf\" data-element_type=\"section\" data-e-type=\"section\" data-settings=\"{&quot;jet_parallax_layout_list&quot;:[{&quot;jet_parallax_layout_image&quot;:{&quot;url&quot;:&quot;&quot;,&quot;id&quot;:&quot;&quot;,&quot;size&quot;:&quot;&quot;},&quot;_id&quot;:&quot;59d928f&quot;,&quot;jet_parallax_layout_image_tablet&quot;:{&quot;url&quot;:&quot;&quot;,&quot;id&quot;:&quot;&quot;,&quot;size&quot;:&quot;&quot;},&quot;jet_parallax_layout_image_mobile&quot;:{&quot;url&quot;:&quot;&quot;,&quot;id&quot;:&quot;&quot;,&quot;size&quot;:&quot;&quot;},&quot;jet_parallax_layout_speed&quot;:{&quot;unit&quot;:&quot;%&quot;,&quot;size&quot;:50,&quot;sizes&quot;:[]},&quot;jet_parallax_layout_type&quot;:&quot;scroll&quot;,&quot;jet_parallax_layout_direction&quot;:&quot;1&quot;,&quot;jet_parallax_layout_fx_direction&quot;:null,&quot;jet_parallax_layout_z_index&quot;:&quot;&quot;,&quot;jet_parallax_layout_bg_x&quot;:50,&quot;jet_parallax_layout_bg_x_tablet&quot;:&quot;&quot;,&quot;jet_parallax_layout_bg_x_mobile&quot;:&quot;&quot;,&quot;jet_parallax_layout_bg_y&quot;:50,&quot;jet_parallax_layout_bg_y_tablet&quot;:&quot;&quot;,&quot;jet_parallax_layout_bg_y_mobile&quot;:&quot;&quot;,&quot;jet_parallax_layout_bg_size&quot;:&quot;auto&quot;,&quot;jet_parallax_layout_bg_size_tablet&quot;:&quot;&quot;,&quot;jet_parallax_layout_bg_size_mobile&quot;:&quot;&quot;,&quot;jet_parallax_layout_animation_prop&quot;:&quot;transform&quot;,&quot;jet_parallax_layout_on&quot;:[&quot;desktop&quot;,&quot;tablet&quot;]}],&quot;_ha_eqh_enable&quot;:false}\">\n\t\t\t\t\t\t<div class=\"elementor-container elementor-column-gap-default\">\n\t\t\t\t\t<div class=\"elementor-column elementor-col-100 elementor-top-column elementor-element elementor-element-619bf75\" data-id=\"619bf75\" data-element_type=\"column\" data-e-type=\"column\">\n\t\t\t<div class=\"elementor-widget-wrap elementor-element-populated\">\n\t\t\t\t\t\t<div class=\"elementor-element elementor-element-b54811b elementor-widget elementor-widget-text-editor\" data-id=\"b54811b\" data-element_type=\"widget\" data-e-type=\"widget\" data-widget_type=\"text-editor.default\">\n\t\t\t\t<div class=\"elementor-widget-container\">\n\t\t\t\t\t\t\t\t\t<p class=\"p1\"><b>CONDICIONES GENERALES DE CONTRATACI\u00d3N <\/b><\/p><p class=\"p2\"><b>Informaci\u00f3n previa al proceso contractual <\/b><\/p><p class=\"p3\">La presente p\u00e1gina web <span class=\"s1\">https:\/\/spib.press <\/span>es propiedad de SINDICAT DE PERIODISTES DE LES ILLES BALEARS con NIF G57064586 y direcci\u00f3n fiscal en APARTADO DE CORREOS 5497 07011, PALMA DE MALLORCA (ILLES BALEARS).<\/p><p class=\"p3\">Las condiciones Generales de Contrataci\u00f3n regulan la relaci\u00f3n de venta a distancia entre SINDICAT DE PERIODISTES DE LES ILLES BALEARS y el usuario o cliente, de acuerdo con las estipulaciones legales, en especial, la Ley 7\/1998, de 13 de abril, sobre Condiciones Generales de Contrataci\u00f3n, la Ley 3\/2014, de 27 de marzo por la que se modifica el texto refundido de la Ley General para la Defensa de los consumidores y Usuarios, Ley Org\u00e1nica 3\/2018, de 5 de diciembre, de Protecci\u00f3n de Datos Personales y garant\u00eda de los derechos digitales, Reglamento General de Protecci\u00f3n de Datos (UE) 2016\/679, la Ley 7\/1996, de 15 de enero de Ordenaci\u00f3n del Comercio Minorista, y a la Ley 34\/2002 de 11 de julio, de Servicios de la Sociedad de la Informaci\u00f3n y de Comercio Electr\u00f3nico.<\/p><p class=\"p3\">SINDICAT DE PERIODISTES DE LES ILLES BALEARS se reserva el derecho a realizar las modificaciones que considere oportunas, sin aviso previo, en las Condiciones Generales. Dichas modificaciones podr\u00e1n realizarse, a trav\u00e9s de sus websites, por cualquier forma admisible en derecho y ser\u00e1n de obligado cumplimiento durante el tiempo en que se encuentren publicadas en la web y hasta que no sean modificadas v\u00e1lidamente por otras posteriores. No obstante, SINDICAT DE PERIODISTES DE LES ILLES BALEARS se reserva el derecho de aplicar, en determinados casos, unas Condiciones Particulares de Contrataci\u00f3n con preferencia a las presentes Condiciones Generales cuando lo considere oportuno, anunci\u00e1ndolas en tiempo y forma oportunos.<\/p><p class=\"p3\">El objeto de la p\u00e1gina web es afiliarse al sindicato.<\/p><p class=\"p3\">La duraci\u00f3n del contrato quedar\u00e1 vinculada hasta que se cancele o se proceda a la baja de la afiliaci\u00f3n.<\/p><p class=\"p3\">Como usuario o cliente declara expresamente conocer, entender y aceptar las condiciones de uso y estas condiciones generales de contrataci\u00f3n. Del mismo modo, declara ser mayor de edad y tener la capacidad jur\u00eddica y de obrar necesarias para el acceso a los sitios web de SINDICAT DE PERIODISTES DE LES ILLES BALEARS y la contrataci\u00f3n por medio de los mismos.<\/p><p class=\"p3\">La Comisi\u00f3n Europea facilita una plataforma de resoluci\u00f3n de litigios en l\u00ednea que se encuentra disponible en el siguiente enlace: <span class=\"s1\">http:\/\/ec.europa.eu\/consumers\/odr\/ <\/span><\/p><p class=\"p3\">Para adquirir nuestros servicios, usted puede dirigirse al apartado correspondiente de nuestra tienda online.<\/p><p class=\"p3\">Podr\u00e1 registrarse como usuario de la web para realizar la compra online en el apartado correspondiente en la propia web. De conformidad con la normativa aplicable y vigente en materia de protecci\u00f3n de datos, SINDICAT DE PERIODISTES DE LES ILLES BALEARS informa a los usuarios que los datos personales recabados durante el proceso de registro y posterior compra, ser\u00e1n incorporados al sistema de tratamiento titularidad de SINDICAT DE PERIODISTES DE LES ILLES BALEARS, con la finalidad de tramitar dichas acciones por parte del usuario y gestionar actuaciones posteriores derivadas de las mismas.<\/p><p class=\"p3\">Sus datos se conservaran el plazo estrictamente necesario para cumplir con las finalidades anteriormente previstas, salvo obligaci\u00f3n legal de conservaci\u00f3n.<\/p><p class=\"p3\">Le informamos que la base legal del tratamiento de sus datos es la correcta ejecuci\u00f3n del contrato entre las partes y el consentimiento.<\/p><p class=\"p3\">De acuerdo con los derechos que le confiere la normativa vigente en protecci\u00f3n de datos podr\u00e1 ejercer los derechos de acceso, rectificaci\u00f3n, limitaci\u00f3n de tratamiento, supresi\u00f3n, portabilidad y oposici\u00f3n al tratamiento de sus datos de car\u00e1cter personal as\u00ed como del consentimiento prestado para el tratamiento de los mismos, <span class=\"s2\">asesoramiento y adaptaci\u00f3n a la lssi-ce \u00b7 <\/span><span class=\"s3\">documentaci\u00f3n <\/span><\/p><p class=\"p3\">dirigiendo su petici\u00f3n a la direcci\u00f3n mencionada m\u00e1s arriba o al correo electr\u00f3nico <span class=\"s1\">JUNTA@SPERIODISTES.INFO<\/span>. Podr\u00e1 dirigirse a la Autoridad de Control competente para presentar la reclamaci\u00f3n que considere oportuna.<\/p><p class=\"p3\">A su vez, le informamos que puede contactar con el Delegado de Protecci\u00f3n de Datos, dirigi\u00e9ndose por escrito a la direcci\u00f3n de correo <span class=\"s1\">dpd.cliente@conversia.es <\/span>o al tel\u00e9fono 902 877 192.<\/p><p class=\"p3\">Durante el proceso de contrataci\u00f3n deber\u00e1 identificarse con el nombre de usuario y la contrase\u00f1a proporcionados. Estos datos no ser\u00e1n p\u00fablicos. Usted se hace responsable de tratar confidencial y responsablemente la identidad y contrase\u00f1a obtenidas en el registro como cliente, no pudiendo cederlas a otro. Puede modificar la informaci\u00f3n registrada en cualquier momento, en su \u00e1rea de cliente. En este mismo apartado usted tendr\u00e1 acceso a un hist\u00f3rico de sus servicios contratados, est\u00e9 s\u00f3lo es un apartado de consulta pero se permite su gesti\u00f3n, pudiendo el usuario eliminar aquellos registros que considere no es necesario visualizar.<\/p><p class=\"p3\">Finalizado el proceso de contrataci\u00f3n el cliente recibir\u00e1 una confirmaci\u00f3n del mismo por correo electr\u00f3nico. Es imprescindible que durante el proceso de compra el usuario indique un correo electr\u00f3nico v\u00e1lido. Si en 24 horas desde la finalizaci\u00f3n del servicio no recibe la confirmaci\u00f3n, p\u00f3ngase en contacto con SINDICAT DE PERIODISTES DE LES ILLES BALEARS en el tel\u00e9fono de atenci\u00f3n al cliente 666761059 o mediante el correo electr\u00f3nico <span class=\"s1\">JUNTA@SPERIODISTES.INFO<\/span>.<\/p><p class=\"p3\">Todos los contenidos de la web est\u00e1n en espa\u00f1ol y catal\u00e1n.<\/p><p class=\"p3\">Previamente a la contrataci\u00f3n de afiliaci\u00f3n el cliente recibir\u00e1 un correo electr\u00f3nico con la confirmaci\u00f3n del servicio solicitado.<\/p><p class=\"p3\">El cliente, mientras perdure la vigencia del contrato, recibir\u00e1 el justificante de pago de cada cuota.<\/p><p class=\"p2\"><b>Caracter\u00edsticas, oferta y vigencia de la afiliaci\u00f3n <\/b><\/p><p class=\"p3\">Las afiliaciones ofertadas en nuestra tienda online, se detallan las caracter\u00edsticas esenciales de los mismos.<\/p><p class=\"p3\">En cumplimiento de la normativa vigente SINDICAT DE PERIODISTES DE LES ILLES BALEARS ofrece informaci\u00f3n sobre todos sus servicios, sus caracter\u00edsticas y precios. No obstante, SINDICAT DE PERIODISTES DE LES ILLES BALEARS se reserva el derecho a retirar, reponer o cambiar los servicios que se ofrecen a trav\u00e9s de su p\u00e1gina web, mediante el simple cambio en el contenido de la misma. De esta forma, los servicios ofrecidos en cada momento por la web se regir\u00e1n por las Condiciones Generales de Contrataci\u00f3n vigentes en cada caso. Asimismo, la empresa tendr\u00e1 la facultad de dejar de ofrecer, sin previo aviso y en cualquier momento, el acceso a los servicios mencionados.<\/p><p class=\"p2\"><b>Precios <\/b><\/p><p class=\"p3\">Todos los servicios indican el precio de venta en Euros e incluyen el Impuesto sobre el Valor A\u00f1adido (IVA).<\/p><p class=\"p3\">Si fuera aplicable cualquier otro impuesto, as\u00ed se indicar\u00eda (IGIC o IPSI).<\/p><p class=\"p2\"><b>Prestaci\u00f3n de la afiliaci\u00f3n <\/b><\/p><p class=\"p3\">SINDICAT DE PERIODISTES DE LES ILLES BALEARS el usuario podr\u00e1 afiliarse al sindicato, y domiciliar sus cuotas.<\/p><p class=\"p2\"><b>Formas de pago <\/b><\/p><p class=\"p3\">El cliente podr\u00e1 abonar el importe de su servicio optando por cualquiera de las siguientes formas. Durante el proceso de compra deber\u00e1 indicar su elecci\u00f3n: <span class=\"s2\">asesoramiento y adaptaci\u00f3n a la lssi-ce \u00b7 <\/span><span class=\"s3\">documentaci\u00f3n <\/span><\/p><p class=\"p3\"><span class=\"s4\">&#8211; <\/span>Tarjeta de cr\u00e9dito VISA o MASTERCARD<\/p><p class=\"p3\">Todas las operaciones que implican la transmisi\u00f3n de datos personales o bancarios se realizan utilizando un entorno seguro, un servidor basado en la tecnolog\u00eda de seguridad est\u00e1ndar SSL (Secure Sockets Layer). Toda la informaci\u00f3n que nos transmita viaja cifrada a trav\u00e9s de la red.<\/p><p class=\"p3\">Asimismo los datos sobre su tarjeta de cr\u00e9dito son introducidos directamente en la p\u00e1gina del banco, en el TPV (Terminal Punto de venta del Banco) y no son introducidos ni registrados en ning\u00fan servidor de SINDICAT DE PERIODISTES DE LES ILLES BALEARS.<\/p><p class=\"p3\">Al pagar con tarjeta VISA o MASTERCARD se le solicitar\u00e1n siempre los siguientes datos: el n\u00famero de tarjeta, la fecha de caducidad, y un C\u00f3digo de Validaci\u00f3n que coincide con las tres \u00faltimas cifras del n\u00famero impreso en cursiva en el reverso de su tarjeta VISA o MASTERCARD, ofreciendo, de esta forma, m\u00e1s garant\u00edas acerca de la seguridad de la transacci\u00f3n.<\/p><p class=\"p3\">Esta forma de pago es v\u00e1lida \u00fanicamente en la web.<\/p><p class=\"p3\">Cuando el importe de una compra hubiese sido cargado fraudulenta o indebidamente utilizando el n\u00famero de una tarjeta de pago, su titular podr\u00e1 exigir la inmediata anulaci\u00f3n del cargo. En tal caso, las correspondientes anotaciones de adeudo y reabono en las cuentas del proveedor y del titular se efectuar\u00e1n a la mayor brevedad.<\/p><p class=\"p3\">Sin embargo, si la compra hubiese sido efectivamente realizada por el titular de la tarjeta y la exigencia de devoluci\u00f3n no fuera consecuencia de haberse ejercido el derecho de desistimiento o de resoluci\u00f3n y, por tanto, hubiese exigido indebidamente la anulaci\u00f3n del correspondiente cargo, aquel quedar\u00e1 obligado frente a SINDICAT DE PERIODISTES DE LES ILLES BALEARS al resarcimiento de los da\u00f1os y perjuicios ocasionados como consecuencia de dicha anulaci\u00f3n.<\/p><p class=\"p3\"><span class=\"s4\">&#8211; <\/span>Transferencia Bancaria<\/p><p class=\"p3\">Al seleccionar la transferencia bancaria recibir\u00e1, junto con la confirmaci\u00f3n de su pedido, un e-mail con los datos bancarios de SINDICAT DE PERIODISTES DE LES ILLES BALEARS.<\/p><p class=\"p3\">Es muy importante que al realizar la transferencia indique en el asunto el n\u00famero de pedido, as\u00ed como su nombre y apellidos, y realice la transferencia dentro de los 3 d\u00edas posteriores a la fecha de confirmaci\u00f3n del pedido para poder validarlo.<\/p><p class=\"p3\">Si lo desea, puede enviarnos el justificante de la transferencia por e-mail <span class=\"s1\">JUNTA@SPERIODISTES.INFO<\/span>. Pero en cualquier caso, no se considerar\u00e1 efectivo el pedido hasta que nuestro departamento de administraci\u00f3n no tenga confirmaci\u00f3n bancaria de la transferencia.<\/p><p class=\"p3\">Recordarle que el pago se tiene que realizar en EUROS y que todas las eventuales comisiones de cambio y bancarias corren por su cuenta.<\/p><p class=\"p3\">En el caso de transferencias bancarias realizadas desde fuera de Espa\u00f1a, es muy importante que al ordenar la transferencia comunique siempre a su banco hacerse cargo de las comisiones en origen, aquellas comisiones bancarias y gastos correspondientes a su entidad. De no ser as\u00ed, SINDICAT DE PERIODISTES DE LES ILLES BALEARS podr\u00eda paralizar el env\u00edo de su pedido al no recibir la cantidad \u00edntegra del mismo.<\/p><p class=\"p3\">Las posibles comisiones de cambio y bancarias corren a cargo del cliente.<\/p><p class=\"p3\"><span class=\"s4\">&#8211; <\/span>Pago Domiciliado<\/p><p class=\"p3\">Si ya es cliente nuestro y no es su primera compra, puede seleccionar esta forma de pago y SINDICAT DE PERIODISTES DE LES ILLES BALEARS le pasar\u00e1 un cargo por banco al n\u00famero de cuenta que ya nos hay hecho constar para tal efecto. <span class=\"s2\">asesoramiento y adaptaci\u00f3n a la lssi-ce \u00b7 <\/span><span class=\"s3\">documentaci\u00f3n <\/span><\/p><p class=\"p3\">Si a\u00fan no es cliente nuestro o es su primera compra, y quiere usar esta modalidad de pago, p\u00f3ngase en contacto con nosotros a trav\u00e9s de nuestro email: <span class=\"s1\">JUNTA@SPERIODISTES.INFO <\/span>o de nuestro tel\u00e9fono de atenci\u00f3n al cliente 666761059.<\/p><p class=\"p2\"><b>Ejecuci\u00f3n del servicio <\/b><\/p><p class=\"p3\">SINDICAT DE PERIODISTES DE LES ILLES BALEARS informa que la duraci\u00f3n de la afiliaci\u00f3n contratada depender\u00e1 del cliente, ya que terminar\u00e1 cuando se cancele o se d\u00e9 de baja dicho contrato.<\/p><p class=\"p2\"><b>Derecho de desistimiento <\/b><\/p><p class=\"p3\">Seg\u00fan lo establecido el art\u00edculo 103 de la Ley 3\/2014, de 27 de marzo por la que se modifica el texto refundido de la Ley General para la Defensa de los consumidores y Usuarios, los suministros de servicios o bienes confeccionado conforme a las especificaciones del consumidor o claramente personalizados, o que, por su naturaleza, no puedan ser devueltos o puedan deteriorarse o caducar con rapidez, est\u00e1n exentos de desistimiento.<\/p><p class=\"p2\"><b>Baja o cancelaci\u00f3n de la afiliaci\u00f3n <\/b><\/p><p class=\"p3\">Para cancelar o dar de baja la afiliaci\u00f3n en SINDICAT DE PERIODISTES DE LES ILLES BALEARS, el usuario deber\u00e1 contactarle a trav\u00e9s de correo electr\u00f3nico <span class=\"s1\">JUNTA@PERIODISTES.INFO <\/span>o al tel\u00e9fono de atenci\u00f3n al cliente 666761059 para que le indiquen el procedimiento correcto.<\/p><p class=\"p2\"><b>Reembolso del pago <\/b><\/p><p class=\"p3\">El reembolso de las cantidades recibidas por el cliente se realizar\u00e1 utilizando los mismos medios de pago empleados por este, siempre y cuando no se haya dispuesto lo contrario.<\/p><p class=\"p3\">SINDICAT DE PERIODISTES DE LES ILLES BALEARS abonar\u00e1 las cantidades satisfechas por el cliente antes de 14 d\u00edas naturales des de la fecha de recepci\u00f3n del derecho de desistimiento.<\/p><p class=\"p2\"><b>Reclamaci\u00f3n <\/b><\/p><p class=\"p3\">Si el cliente desea presentar una reclamaci\u00f3n, el establecimiento de SINDICAT DE PERIODISTES DE LES ILLES BALEARS est\u00e1 situado en APARTADO DE CORREOS 5497 07011, PALMA DE MALLORCA (ILLES BALEARS) o a trav\u00e9s del correo electr\u00f3nico <span class=\"s1\">JUNTA@SPERIODISTES.INFO<\/span>.<\/p><p class=\"p2\"><b>Jurisdicci\u00f3n <\/b><\/p><p class=\"p3\">Asimismo, SINDICAT DE PERIODISTES DE LES ILLES BALEARS se reserva la facultad de presentar las acciones civiles o penales que considere oportunas por la utilizaci\u00f3n indebida de su sitio web y contenidos o por el incumplimiento de las presentes condiciones.<\/p><p class=\"p3\">La relaci\u00f3n entre el usuario y el prestador se regir\u00e1 por la normativa vigente y de aplicaci\u00f3n en el territorio espa\u00f1ol. De surgir cualquier controversia las partes podr\u00e1n someter sus conflictos a arbitraje o acudir a la jurisdicci\u00f3n ordinaria cumpliendo con las normas sobre jurisdicci\u00f3n y competencia al respecto. SINDICAT DE PERIODISTES DE LES ILLES BALEARS tiene su domicilio en ILLES BALEARS, Espa\u00f1a.<\/p>\t\t\t\t\t\t\t\t<\/div>\n\t\t\t\t<\/div>\n\t\t\t\t\t<\/div>\n\t\t<\/div>\n\t\t\t\t\t<\/div>\n\t\t<\/section>\n\t\t\t\t<\/div>\n\t\t","protected":false},"excerpt":{"rendered":"<p>CONDICIONES GENERALES DE CONTRATACI\u00d3N Informaci\u00f3n previa al proceso contractual La presente p\u00e1gina web https:\/\/spib.press es propiedad de SINDICAT DE PERIODISTES DE LES ILLES BALEARS con NIF G57064586 y direcci\u00f3n fiscal en APARTADO DE CORREOS 5497 07011, PALMA DE MALLORCA (ILLES BALEARS). Las condiciones Generales de Contrataci\u00f3n regulan la relaci\u00f3n de venta a distancia entre SINDICAT [&hellip;]<\/p>\n","protected":false},"author":1,"featured_media":0,"parent":0,"menu_order":0,"comment_status":"closed","ping_status":"closed","template":"elementor_header_footer","meta":{"footnotes":""},"class_list":["post-2541","page","type-page","status-publish","hentry"],"_links":{"self":[{"href":"https:\/\/spib.press\/es\/wp-json\/wp\/v2\/pages\/2541","targetHints":{"allow":["GET"]}}],"collection":[{"href":"https:\/\/spib.press\/es\/wp-json\/wp\/v2\/pages"}],"about":[{"href":"https:\/\/spib.press\/es\/wp-json\/wp\/v2\/types\/page"}],"author":[{"embeddable":true,"href":"https:\/\/spib.press\/es\/wp-json\/wp\/v2\/users\/1"}],"replies":[{"embeddable":true,"href":"https:\/\/spib.press\/es\/wp-json\/wp\/v2\/comments?post=2541"}],"version-history":[{"count":4,"href":"https:\/\/spib.press\/es\/wp-json\/wp\/v2\/pages\/2541\/revisions"}],"predecessor-version":[{"id":2545,"href":"https:\/\/spib.press\/es\/wp-json\/wp\/v2\/pages\/2541\/revisions\/2545"}],"wp:attachment":[{"href":"https:\/\/spib.press\/es\/wp-json\/wp\/v2\/media?parent=2541"}],"curies":[{"name":"wp","href":"https:\/\/api.w.org\/{rel}","templated":true}]}}