{"id":2787,"date":"2021-02-03T09:40:11","date_gmt":"2021-02-03T08:40:11","guid":{"rendered":"https:\/\/spib.press\/politica-de-cookies\/"},"modified":"2021-02-03T09:40:11","modified_gmt":"2021-02-03T08:40:11","slug":"politica-de-cookies","status":"publish","type":"page","link":"https:\/\/spib.press\/es\/politica-de-cookies\/","title":{"rendered":"Pol\u00edtica de cookies"},"content":{"rendered":"\t\t<div data-elementor-type=\"wp-page\" data-elementor-id=\"2787\" class=\"elementor elementor-2787 elementor-2504\" data-elementor-settings=\"{&quot;ha_cmc_init_switcher&quot;:&quot;no&quot;}\" data-elementor-post-type=\"page\">\n\t\t\t\t\t\t<section class=\"elementor-section elementor-top-section elementor-element elementor-element-5baaa780 elementor-section-boxed elementor-section-height-default elementor-section-height-default\" data-id=\"5baaa780\" data-element_type=\"section\" data-e-type=\"section\" data-settings=\"{&quot;jet_parallax_layout_list&quot;:[{&quot;jet_parallax_layout_image&quot;:{&quot;url&quot;:&quot;&quot;,&quot;id&quot;:&quot;&quot;,&quot;size&quot;:&quot;&quot;},&quot;_id&quot;:&quot;34ee2ee&quot;,&quot;jet_parallax_layout_image_tablet&quot;:{&quot;url&quot;:&quot;&quot;,&quot;id&quot;:&quot;&quot;,&quot;size&quot;:&quot;&quot;},&quot;jet_parallax_layout_image_mobile&quot;:{&quot;url&quot;:&quot;&quot;,&quot;id&quot;:&quot;&quot;,&quot;size&quot;:&quot;&quot;},&quot;jet_parallax_layout_speed&quot;:{&quot;unit&quot;:&quot;%&quot;,&quot;size&quot;:50,&quot;sizes&quot;:[]},&quot;jet_parallax_layout_type&quot;:&quot;scroll&quot;,&quot;jet_parallax_layout_direction&quot;:&quot;1&quot;,&quot;jet_parallax_layout_fx_direction&quot;:null,&quot;jet_parallax_layout_z_index&quot;:&quot;&quot;,&quot;jet_parallax_layout_bg_x&quot;:50,&quot;jet_parallax_layout_bg_x_tablet&quot;:&quot;&quot;,&quot;jet_parallax_layout_bg_x_mobile&quot;:&quot;&quot;,&quot;jet_parallax_layout_bg_y&quot;:50,&quot;jet_parallax_layout_bg_y_tablet&quot;:&quot;&quot;,&quot;jet_parallax_layout_bg_y_mobile&quot;:&quot;&quot;,&quot;jet_parallax_layout_bg_size&quot;:&quot;auto&quot;,&quot;jet_parallax_layout_bg_size_tablet&quot;:&quot;&quot;,&quot;jet_parallax_layout_bg_size_mobile&quot;:&quot;&quot;,&quot;jet_parallax_layout_animation_prop&quot;:&quot;transform&quot;,&quot;jet_parallax_layout_on&quot;:[&quot;desktop&quot;,&quot;tablet&quot;]}],&quot;_ha_eqh_enable&quot;:false}\">\n\t\t\t\t\t\t<div class=\"elementor-container elementor-column-gap-default\">\n\t\t\t\t\t<div class=\"elementor-column elementor-col-100 elementor-top-column elementor-element elementor-element-61fa407d\" data-id=\"61fa407d\" data-element_type=\"column\" data-e-type=\"column\">\n\t\t\t<div class=\"elementor-widget-wrap elementor-element-populated\">\n\t\t\t\t\t\t<section class=\"elementor-section elementor-inner-section elementor-element elementor-element-c1b6c07 elementor-section-boxed elementor-section-height-default elementor-section-height-default\" data-id=\"c1b6c07\" data-element_type=\"section\" data-e-type=\"section\" data-settings=\"{&quot;jet_parallax_layout_list&quot;:[{&quot;jet_parallax_layout_image&quot;:{&quot;url&quot;:&quot;&quot;,&quot;id&quot;:&quot;&quot;,&quot;size&quot;:&quot;&quot;},&quot;_id&quot;:&quot;6a4576f&quot;,&quot;jet_parallax_layout_image_tablet&quot;:{&quot;url&quot;:&quot;&quot;,&quot;id&quot;:&quot;&quot;,&quot;size&quot;:&quot;&quot;},&quot;jet_parallax_layout_image_mobile&quot;:{&quot;url&quot;:&quot;&quot;,&quot;id&quot;:&quot;&quot;,&quot;size&quot;:&quot;&quot;},&quot;jet_parallax_layout_speed&quot;:{&quot;unit&quot;:&quot;%&quot;,&quot;size&quot;:50,&quot;sizes&quot;:[]},&quot;jet_parallax_layout_type&quot;:&quot;scroll&quot;,&quot;jet_parallax_layout_direction&quot;:&quot;1&quot;,&quot;jet_parallax_layout_fx_direction&quot;:null,&quot;jet_parallax_layout_z_index&quot;:&quot;&quot;,&quot;jet_parallax_layout_bg_x&quot;:50,&quot;jet_parallax_layout_bg_x_tablet&quot;:&quot;&quot;,&quot;jet_parallax_layout_bg_x_mobile&quot;:&quot;&quot;,&quot;jet_parallax_layout_bg_y&quot;:50,&quot;jet_parallax_layout_bg_y_tablet&quot;:&quot;&quot;,&quot;jet_parallax_layout_bg_y_mobile&quot;:&quot;&quot;,&quot;jet_parallax_layout_bg_size&quot;:&quot;auto&quot;,&quot;jet_parallax_layout_bg_size_tablet&quot;:&quot;&quot;,&quot;jet_parallax_layout_bg_size_mobile&quot;:&quot;&quot;,&quot;jet_parallax_layout_animation_prop&quot;:&quot;transform&quot;,&quot;jet_parallax_layout_on&quot;:[&quot;desktop&quot;,&quot;tablet&quot;]}],&quot;_ha_eqh_enable&quot;:false}\">\n\t\t\t\t\t\t<div class=\"elementor-container elementor-column-gap-default\">\n\t\t\t\t\t<div class=\"elementor-column elementor-col-50 elementor-inner-column elementor-element elementor-element-99c3b70\" data-id=\"99c3b70\" data-element_type=\"column\" data-e-type=\"column\">\n\t\t\t<div class=\"elementor-widget-wrap\">\n\t\t\t\t\t\t\t<\/div>\n\t\t<\/div>\n\t\t\t\t<div class=\"elementor-column elementor-col-50 elementor-inner-column elementor-element elementor-element-5cfe5c0\" data-id=\"5cfe5c0\" data-element_type=\"column\" data-e-type=\"column\">\n\t\t\t<div class=\"elementor-widget-wrap elementor-element-populated\">\n\t\t\t\t\t\t<div class=\"elementor-element elementor-element-9235d6a elementor-widget elementor-widget-heading\" data-id=\"9235d6a\" data-element_type=\"widget\" data-e-type=\"widget\" data-widget_type=\"heading.default\">\n\t\t\t\t<div class=\"elementor-widget-container\">\n\t\t\t\t\t<h2 class=\"elementor-heading-title elementor-size-default\">Pol\u00edtica de Cookies<\/h2>\t\t\t\t<\/div>\n\t\t\t\t<\/div>\n\t\t\t\t<div class=\"elementor-element elementor-element-bee3b6e elementor-widget__width-initial elementor-absolute ha-has-bg-overlay elementor-widget elementor-widget-spacer\" data-id=\"bee3b6e\" data-element_type=\"widget\" data-e-type=\"widget\" data-settings=\"{&quot;_position&quot;:&quot;absolute&quot;}\" data-widget_type=\"spacer.default\">\n\t\t\t\t<div class=\"elementor-widget-container\">\n\t\t\t\t\t\t\t<div class=\"elementor-spacer\">\n\t\t\t<div class=\"elementor-spacer-inner\"><\/div>\n\t\t<\/div>\n\t\t\t\t\t\t<\/div>\n\t\t\t\t<\/div>\n\t\t\t\t\t<\/div>\n\t\t<\/div>\n\t\t\t\t\t<\/div>\n\t\t<\/section>\n\t\t\t\t<div class=\"elementor-element elementor-element-35e1067b elementor-widget elementor-widget-text-editor\" data-id=\"35e1067b\" data-element_type=\"widget\" data-e-type=\"widget\" data-widget_type=\"text-editor.default\">\n\t\t\t\t<div class=\"elementor-widget-container\">\n\t\t\t\t\t\t\t\t\t<h2 class=\"p1\" style=\"text-align: center;\"><span class=\"s1\"><b>(ESP)<\/b><\/span><\/h2><p class=\"p1\"><span class=\"s1\"><b>POL\u00cdTICA DE COOKIES<\/b><\/span><\/p><p class=\"p3\"><span class=\"s1\">Conforme a lo dispuesto en el art\u00edculo 22.2 de la Ley 34\/2002, de 11 de julio, de Servicios de la Sociedad de la Informaci\u00f3n y de Comercio Electr\u00f3nico (LSSI-CE) vigente, SINDICAT DE PERIODISTES DE LES ILLES BALEARS debe cumplir con la obligaci\u00f3n de informar sobre las cookies que utiliza y sus finalidades.<\/span><\/p><p class=\"p5\"><span class=\"s1\">Este sitio web utiliza cookies y\/o tecnolog\u00edas similares que almacenan y recuperan informaci\u00f3n cuando navegas. Las cookies permiten a una p\u00e1gina web, entre otras cosas, almacenar y recuperar informaci\u00f3n sobre los h\u00e1bitos de navegaci\u00f3n de un Usuario o de su equipo y, dependiendo de la informaci\u00f3n que contenga y de la forma en que utilice su equipo, pueden utilizarse para reconocer al<\/span> <span class=\"s1\">Usuario.<\/span><\/p><p class=\"p7\"><span class=\"s1\">Las cookies son esenciales para el funcionamiento de internet, aportando innumerables ventajas en la prestaci\u00f3n de servicios interactivos, facilit\u00e1ndole al Usuario la navegaci\u00f3n y usabilidad de nuestra web.<\/span><\/p><p class=\"p3\"><span class=\"s1\">El usuario puede modificar la configuraci\u00f3n personalizada <\/span><span class=\"s3\">AQUI<\/span><\/p><p class=\"p9\"><span class=\"s1\">La informaci\u00f3n que le proporcionamos a continuaci\u00f3n, le ayudar\u00e1 a comprender los diferentes tipos de cookies:<\/span><\/p><table class=\"t1\" cellspacing=\"0\" cellpadding=\"0\"><tbody><tr><td class=\"td1\" colspan=\"3\" valign=\"top\"><p class=\"p13\"><span class=\"s1\"><b>TIPOS DE COOKIES<\/b><\/span><\/p><\/td><\/tr><tr><td class=\"td2\" rowspan=\"2\" valign=\"top\"><p class=\"p16\"><span class=\"s1\"><b>SEG\u00daN LA ENTIDAD QUE LAS GESTIONE<\/b><\/span><\/p><\/td><td class=\"td3\" valign=\"top\"><p class=\"p17\"><span class=\"s1\">COOKIES PROPIAS<\/span><\/p><\/td><td class=\"td4\" valign=\"top\"><p class=\"p18\"><span class=\"s1\">Son aquellas que se env\u00edan al equipo terminal del usuario desde un equipo o dominio gestionado por el propio editor y desde el que se presta el servicio solicitado por el usuario<\/span><\/p><\/td><\/tr><tr><td class=\"td5\" valign=\"top\"><p class=\"p17\"><span class=\"s1\">COOKIES DE TERCERO<\/span><\/p><\/td><td class=\"td6\" valign=\"top\"><p class=\"p18\"><span class=\"s1\">Son aquellas que se env\u00edan al equipo terminal del usuario desde un equipo o dominio que no es gestionado por el editor, sino por otra entidad que trata los datos obtenidos a trav\u00e9s de las cookies.<\/span><\/p><\/td><\/tr><tr><td class=\"td7\" rowspan=\"2\" valign=\"top\"><p class=\"p16\"><span class=\"s1\"><b>SEG\u00daN EL PLAZO DE TIEMPO QUE PERMANEZCAN ACTIVADAS<\/b><\/span><\/p><\/td><td class=\"td8\" valign=\"top\"><p class=\"p17\"><span class=\"s1\">COOKIES DE SESI\u00d3N<\/span><\/p><\/td><td class=\"td9\" valign=\"top\"><p class=\"p18\"><span class=\"s1\">Son aquellas dise\u00f1adas para recabar y almacenar datos mientras el usuario accede a una p\u00e1gina web. Se suelen emplear para almacenar informaci\u00f3n que solo interesa conservar para la prestaci\u00f3n del servicio solicitado por el usuario en una sola ocasi\u00f3n (por ejemplo, una lista de productos adquiridos) y desaparecen al terminar la sesi\u00f3n<\/span><\/p><\/td><\/tr><tr><td class=\"td10\" valign=\"top\"><p class=\"p17\"><span class=\"s1\">COOKIES PERSISTENTES<\/span><\/p><\/td><td class=\"td11\" valign=\"top\"><p class=\"p18\"><span class=\"s1\">Son aquellas en las que los datos siguen almacenados en el terminal y pueden ser accedidos y tratados durante un periodo definido por el responsable de la cookie, y que puede ir de unos minutos a varios a\u00f1os.<\/span><\/p><\/td><\/tr><tr><td class=\"td12\" rowspan=\"3\" valign=\"top\"><p class=\"p16\"><span class=\"s1\"><b>SEG\u00daN SU FINALIDAD<\/b><\/span><\/p><\/td><td class=\"td13\" valign=\"top\"><p class=\"p17\"><span class=\"s1\">COOKIES T\u00c9CNICAS<\/span><\/p><\/td><td class=\"td14\" valign=\"top\"><p class=\"p18\"><span class=\"s1\">Son aquellas que permiten al usuario la navegaci\u00f3n a trav\u00e9s de una p\u00e1gina web, plataforma o aplicaci\u00f3n y la utilizaci\u00f3n de las diferentes opciones o servicios que en ella existan<\/span><\/p><\/td><\/tr><tr><td class=\"td15\" valign=\"top\"><p class=\"p17\"><span class=\"s1\">COOKIES DE PERSONALIZACI\u00d3N<\/span><\/p><\/td><td class=\"td16\" valign=\"top\"><p class=\"p22\"><span class=\"s1\">Permiten aplicar caracter\u00edsticas propias para la navegaci\u00f3n del usuario por el website (Ej. idioma).<\/span><\/p><\/td><\/tr><tr><td class=\"td17\" valign=\"top\"><p class=\"p17\"><span class=\"s1\">COOKIES DE AN\u00c1LISIS<\/span><\/p><\/td><td class=\"td18\" valign=\"top\"><p class=\"p24\"><span class=\"s1\">Son aquellas que permiten al responsable de las mismas el seguimiento y an\u00e1lisis del comportamiento de los usuarios de los sitios web a los que est\u00e1n vinculadas, incluida<\/span> <span class=\"s1\">la<\/span><\/p><\/td><\/tr><\/tbody><\/table><table class=\"t1\" style=\"height: 278px;\" width=\"1399\" cellspacing=\"0\" cellpadding=\"0\"><tbody><tr><td class=\"td19\" rowspan=\"3\" valign=\"top\">\u00a0<\/td><td class=\"td20\" valign=\"top\">\u00a0<\/td><td class=\"td21\" valign=\"top\"><p class=\"p18\"><span class=\"s1\">cuantificaci\u00f3n de los impactos de los anuncios. La informaci\u00f3n recogida mediante este tipo de cookies se utiliza en la medici\u00f3n de la actividad de los sitios web, aplicaci\u00f3n o plataforma, con el fin de introducir mejoras en funci\u00f3n del an\u00e1lisis de los datos de uso que hacen los usuarios del<\/span> <span class=\"s1\">servicio.<\/span><\/p><\/td><\/tr><tr><td class=\"td15\" valign=\"top\"><p class=\"p17\"><span class=\"s1\">COOKIES PUBLICITARIAS<\/span><\/p><\/td><td class=\"td16\" valign=\"top\"><p class=\"p18\"><span class=\"s1\">Permiten al editor incluir en la p\u00e1gina web espacios publicitarios, seg\u00fan el contenido de la propia<\/span> <span class=\"s1\">web.<\/span><\/p><\/td><\/tr><tr><td class=\"td22\" valign=\"top\"><p class=\"p17\"><span class=\"s1\">COOKIES DE PUBLICIDAD COMPORTAMENTAL<\/span><\/p><\/td><td class=\"td23\" valign=\"top\"><p class=\"p18\"><span class=\"s1\">Son aquellas que almacenan informaci\u00f3n del comportamiento de los usuarios obtenida a trav\u00e9s de la observaci\u00f3n continuada de sus h\u00e1bitos de navegaci\u00f3n, lo que permite desarrollar un perfil espec\u00edfico para mostrar publicidad en funci\u00f3n del mismo.<\/span><\/p><\/td><\/tr><\/tbody><\/table><p class=\"p5\"><span class=\"s1\">Adicionalmente, SINDICAT DE PERIODISTES DE LES ILLES BALEARS informa de manera m\u00e1s detallada de las cookies que utiliza sus titulares, el uso o finalidad concreta, los plazos de conservaci\u00f3n as\u00ed como de las Transferencias Internacionales de datos de cada una de ellas utilizadas en nuestra p\u00e1gina<\/span> <span class=\"s1\">web:<\/span><\/p><table class=\"t1\" style=\"height: 434px;\" width=\"1226\" cellspacing=\"0\" cellpadding=\"0\"><tbody><tr><td class=\"td24\" colspan=\"6\" valign=\"top\"><p class=\"p32\"><span class=\"s1\"><b>COOKIES PROPIAS<\/b><\/span><\/p><\/td><\/tr><tr><td class=\"td25\" valign=\"top\">\u00a0<\/td><td class=\"td26\" valign=\"top\"><p class=\"p33\"><span class=\"s1\"><b>TITULAR<\/b><\/span><\/p><\/td><td class=\"td27\" valign=\"top\"><p class=\"p34\"><span class=\"s1\"><b>COOKIE<\/b><\/span><\/p><\/td><td class=\"td28\" valign=\"top\"><p class=\"p35\"><span class=\"s1\"><b>FINALIDAD<\/b><\/span><\/p><\/td><td class=\"td29\" valign=\"top\"><p class=\"p36\"><span class=\"s1\"><b>CONSERVACI\u00d3N<\/b><\/span><\/p><\/td><td class=\"td30\" valign=\"top\"><p class=\"p37\"><span class=\"s1\"><b>TI<\/b><\/span><\/p><\/td><\/tr><tr><td class=\"td31\" rowspan=\"3\" valign=\"top\"><p class=\"p39\"><span class=\"s1\">T\u00e9cnicas<\/span><\/p><\/td><td class=\"td32\" valign=\"top\">\u00a0<\/td><td class=\"td33\" valign=\"top\">\u00a0<\/td><td class=\"td34\" valign=\"top\">\u00a0<\/td><td class=\"td35\" valign=\"top\">\u00a0<\/td><td class=\"td36\" valign=\"top\">\u00a0<\/td><\/tr><tr><td class=\"td37\" valign=\"top\">\u00a0<\/td><td class=\"td38\" valign=\"top\">\u00a0<\/td><td class=\"td39\" valign=\"top\">\u00a0<\/td><td class=\"td40\" valign=\"top\">\u00a0<\/td><td class=\"td41\" valign=\"top\">\u00a0<\/td><\/tr><tr><td class=\"td37\" valign=\"top\">\u00a0<\/td><td class=\"td38\" valign=\"top\">\u00a0<\/td><td class=\"td39\" valign=\"top\">\u00a0<\/td><td class=\"td40\" valign=\"top\">\u00a0<\/td><td class=\"td41\" valign=\"top\">\u00a0<\/td><\/tr><tr><td class=\"td42\" rowspan=\"3\" valign=\"top\"><p class=\"p40\"><span class=\"s1\">Personalizaci\u00f3n<\/span><\/p><\/td><td class=\"td43\" valign=\"top\">\u00a0<\/td><td class=\"td44\" valign=\"top\">\u00a0<\/td><td class=\"td45\" valign=\"top\">\u00a0<\/td><td class=\"td46\" valign=\"top\">\u00a0<\/td><td class=\"td47\" valign=\"top\">\u00a0<\/td><\/tr><tr><td class=\"td37\" valign=\"top\">\u00a0<\/td><td class=\"td38\" valign=\"top\">\u00a0<\/td><td class=\"td39\" valign=\"top\">\u00a0<\/td><td class=\"td40\" valign=\"top\">\u00a0<\/td><td class=\"td41\" valign=\"top\">\u00a0<\/td><\/tr><tr><td class=\"td37\" valign=\"top\">\u00a0<\/td><td class=\"td38\" valign=\"top\">\u00a0<\/td><td class=\"td39\" valign=\"top\">\u00a0<\/td><td class=\"td40\" valign=\"top\">\u00a0<\/td><td class=\"td41\" valign=\"top\">\u00a0<\/td><\/tr><tr><td class=\"td42\" rowspan=\"3\" valign=\"top\"><p class=\"p41\"><span class=\"s1\">An\u00e1lisis<\/span><\/p><\/td><td class=\"td32\" valign=\"top\">\u00a0<\/td><td class=\"td33\" valign=\"top\">\u00a0<\/td><td class=\"td34\" valign=\"top\">\u00a0<\/td><td class=\"td35\" valign=\"top\">\u00a0<\/td><td class=\"td36\" valign=\"top\">\u00a0<\/td><\/tr><tr><td class=\"td37\" valign=\"top\">\u00a0<\/td><td class=\"td38\" valign=\"top\">\u00a0<\/td><td class=\"td39\" valign=\"top\">\u00a0<\/td><td class=\"td40\" valign=\"top\">\u00a0<\/td><td class=\"td41\" valign=\"top\">\u00a0<\/td><\/tr><tr><td class=\"td32\" valign=\"top\">\u00a0<\/td><td class=\"td33\" valign=\"top\">\u00a0<\/td><td class=\"td34\" valign=\"top\">\u00a0<\/td><td class=\"td35\" valign=\"top\">\u00a0<\/td><td class=\"td36\" valign=\"top\">\u00a0<\/td><\/tr><tr><td class=\"td48\" rowspan=\"3\" valign=\"top\"><p class=\"p42\"><span class=\"s1\">Publicidad\/ Publicidad comportamental<\/span><\/p><\/td><td class=\"td32\" valign=\"top\">\u00a0<\/td><td class=\"td33\" valign=\"top\">\u00a0<\/td><td class=\"td34\" valign=\"top\">\u00a0<\/td><td class=\"td35\" valign=\"top\">\u00a0<\/td><td class=\"td36\" valign=\"top\">\u00a0<\/td><\/tr><tr><td class=\"td37\" valign=\"top\">\u00a0<\/td><td class=\"td38\" valign=\"top\">\u00a0<\/td><td class=\"td39\" valign=\"top\">\u00a0<\/td><td class=\"td40\" valign=\"top\">\u00a0<\/td><td class=\"td41\" valign=\"top\">\u00a0<\/td><\/tr><tr><td class=\"td49\" valign=\"top\">\u00a0<\/td><td class=\"td50\" valign=\"top\">\u00a0<\/td><td class=\"td51\" valign=\"top\">\u00a0<\/td><td class=\"td52\" valign=\"top\">\u00a0<\/td><td class=\"td53\" valign=\"top\">\u00a0<\/td><\/tr><\/tbody><\/table><table class=\"t1\" style=\"height: 346px;\" width=\"1225\" cellspacing=\"0\" cellpadding=\"0\"><tbody><tr><td class=\"td54\" colspan=\"6\" valign=\"top\"><p class=\"p32\"><span class=\"s1\"><b>COOKIES DE TERCEROS<\/b><\/span><\/p><\/td><\/tr><tr><td class=\"td55\" valign=\"top\">\u00a0<\/td><td class=\"td56\" valign=\"top\"><p class=\"p33\"><span class=\"s1\"><b>TITULAR<\/b><\/span><\/p><\/td><td class=\"td57\" valign=\"top\"><p class=\"p34\"><span class=\"s1\"><b>COOKIE<\/b><\/span><\/p><\/td><td class=\"td58\" valign=\"top\"><p class=\"p35\"><span class=\"s1\"><b>FINALIDAD<\/b><\/span><\/p><\/td><td class=\"td59\" valign=\"top\"><p class=\"p36\"><span class=\"s1\"><b>CONSERVACI\u00d3N<\/b><\/span><\/p><\/td><td class=\"td60\" valign=\"top\"><p class=\"p37\"><span class=\"s1\"><b>TI<\/b><\/span><\/p><\/td><\/tr><tr><td class=\"td42\" rowspan=\"3\" valign=\"top\"><p class=\"p39\"><span class=\"s1\">T\u00e9cnicas<\/span><\/p><\/td><td class=\"td32\" valign=\"top\">\u00a0<\/td><td class=\"td33\" valign=\"top\">\u00a0<\/td><td class=\"td34\" valign=\"top\">\u00a0<\/td><td class=\"td35\" valign=\"top\">\u00a0<\/td><td class=\"td36\" valign=\"top\">\u00a0<\/td><\/tr><tr><td class=\"td37\" valign=\"top\">\u00a0<\/td><td class=\"td38\" valign=\"top\">\u00a0<\/td><td class=\"td39\" valign=\"top\">\u00a0<\/td><td class=\"td40\" valign=\"top\">\u00a0<\/td><td class=\"td41\" valign=\"top\">\u00a0<\/td><\/tr><tr><td class=\"td32\" valign=\"top\">\u00a0<\/td><td class=\"td33\" valign=\"top\">\u00a0<\/td><td class=\"td34\" valign=\"top\">\u00a0<\/td><td class=\"td35\" valign=\"top\">\u00a0<\/td><td class=\"td36\" valign=\"top\">\u00a0<\/td><\/tr><tr><td class=\"td31\" rowspan=\"3\" valign=\"top\"><p class=\"p40\"><span class=\"s1\">Personalizaci\u00f3n<\/span><\/p><\/td><td class=\"td32\" valign=\"top\">\u00a0<\/td><td class=\"td33\" valign=\"top\">\u00a0<\/td><td class=\"td34\" valign=\"top\">\u00a0<\/td><td class=\"td35\" valign=\"top\">\u00a0<\/td><td class=\"td36\" valign=\"top\">\u00a0<\/td><\/tr><tr><td class=\"td37\" valign=\"top\">\u00a0<\/td><td class=\"td38\" valign=\"top\">\u00a0<\/td><td class=\"td39\" valign=\"top\">\u00a0<\/td><td class=\"td40\" valign=\"top\">\u00a0<\/td><td class=\"td41\" valign=\"top\">\u00a0<\/td><\/tr><tr><td class=\"td37\" valign=\"top\">\u00a0<\/td><td class=\"td38\" valign=\"top\">\u00a0<\/td><td class=\"td39\" valign=\"top\">\u00a0<\/td><td class=\"td40\" valign=\"top\">\u00a0<\/td><td class=\"td41\" valign=\"top\">\u00a0<\/td><\/tr><tr><td class=\"td42\" rowspan=\"3\" valign=\"top\"><p class=\"p41\"><span class=\"s1\">An\u00e1lisis<\/span><\/p><\/td><td class=\"td32\" valign=\"top\">\u00a0<\/td><td class=\"td33\" valign=\"top\">\u00a0<\/td><td class=\"td34\" valign=\"top\">\u00a0<\/td><td class=\"td35\" valign=\"top\">\u00a0<\/td><td class=\"td36\" valign=\"top\">\u00a0<\/td><\/tr><tr><td class=\"td37\" valign=\"top\">\u00a0<\/td><td class=\"td38\" valign=\"top\">\u00a0<\/td><td class=\"td39\" valign=\"top\">\u00a0<\/td><td class=\"td40\" valign=\"top\">\u00a0<\/td><td class=\"td41\" valign=\"top\">\u00a0<\/td><\/tr><tr><td class=\"td32\" valign=\"top\">\u00a0<\/td><td class=\"td33\" valign=\"top\">\u00a0<\/td><td class=\"td34\" valign=\"top\">\u00a0<\/td><td class=\"td35\" valign=\"top\">\u00a0<\/td><td class=\"td36\" valign=\"top\">\u00a0<\/td><\/tr><\/tbody><\/table><p class=\"p3\"><span class=\"s1\"><i>** Puede informarse de las transferencias internacionales a terceros pa\u00edses que, en su caso, realizan los <\/i><\/span><span class=\"s2\"><b><i>TERCEROS <\/i><\/b><\/span><span class=\"s1\"><i>identificados en esta pol\u00edtica de cookies en sus correspondientes pol\u00edticas (hacer click encima del titular de la cookie) **<\/i><\/span><\/p><p class=\"p6\"><span class=\"s1\">Empresa informa de manera m\u00e1s exhaustiva la informaci\u00f3n relativa a las transferencias internacionales derivadas de la utilizaci\u00f3n de cookies<\/span> <span class=\"s1\">propias:<\/span><\/p><table class=\"t1\" style=\"height: 145px;\" width=\"1231\" cellspacing=\"0\" cellpadding=\"0\"><tbody><tr><td class=\"td1\" valign=\"top\"><p class=\"p8\"><span class=\"s1\"><b>TITULAR<\/b><\/span><\/p><\/td><td class=\"td2\" valign=\"top\"><p class=\"p9\"><span class=\"s1\"><b>COOKIE<\/b><\/span><\/p><\/td><td class=\"td3\" valign=\"top\"><p class=\"p10\"><span class=\"s1\"><b>PA\u00cdS DE LA TRANSFERENCIA<\/b><\/span><\/p><\/td><td class=\"td4\" valign=\"top\"><p class=\"p11\"><span class=\"s1\"><b>R\u00c9GIMEN APLICADO<\/b><\/span><\/p><\/td><\/tr><tr><td class=\"td5\" valign=\"top\">\u00a0<\/td><td class=\"td6\" valign=\"top\">\u00a0<\/td><td class=\"td7\" valign=\"top\">\u00a0<\/td><td class=\"td8\" valign=\"top\">\u00a0<\/td><\/tr><tr><td class=\"td5\" valign=\"top\">\u00a0<\/td><td class=\"td6\" valign=\"top\">\u00a0<\/td><td class=\"td7\" valign=\"top\">\u00a0<\/td><td class=\"td8\" valign=\"top\">\u00a0<\/td><\/tr><tr><td class=\"td5\" valign=\"top\">\u00a0<\/td><td class=\"td6\" valign=\"top\">\u00a0<\/td><td class=\"td7\" valign=\"top\">\u00a0<\/td><td class=\"td8\" valign=\"top\">\u00a0<\/td><\/tr><tr><td class=\"td5\" valign=\"top\">\u00a0<\/td><td class=\"td6\" valign=\"top\">\u00a0<\/td><td class=\"td7\" valign=\"top\">\u00a0<\/td><td class=\"td8\" valign=\"top\">\u00a0<\/td><\/tr><\/tbody><\/table><p class=\"p16\"><span class=\"s1\">T\u00e9ngase en cuenta que, si acepta las cookies de terceros, deber\u00e1 eliminarlas desde las opciones del navegador o desde el sistema ofrecido por el propio<\/span> <span class=\"s1\">tercero.<\/span><\/p><p class=\"p17\"><span class=\"s1\">A continuaci\u00f3n le proporcionamos los enlaces de diversos navegadores, a trav\u00e9s de los cuales podr\u00e1 modificar la configuraci\u00f3n de su navegador sobre el uso de cookies:<\/span><\/p><ul class=\"ul1\"><li class=\"li18\"><span class=\"s6\"><b><i>Firefox desde aqu\u00ed:<\/i><\/b><\/span><span class=\"s7\"><b><i> <\/i><\/b><a href=\"http:\/\/support.mozilla.org\/es\/kb\/habilitar-y-deshabilitar-cookies-que-los-sitios-we\" target=\"_blank\" rel=\"noopener\"><span class=\"s8\"><i>http:\/\/support.mozilla.org\/es\/kb\/habilitar-y-deshabilitar-cookies-que-los-sitios-we<\/i><\/span><\/a><\/span><\/li><li class=\"li19\"><span class=\"s6\"><b><i>Chrome desde aqu\u00ed:<\/i><\/b><\/span><span class=\"s9\"><b><i> <\/i><\/b><a href=\"http:\/\/support.google.com\/chrome\/bin\/answer.py?hl=es&amp;answer=95647\" target=\"_blank\" rel=\"noopener\"><span class=\"s8\"><i>http:\/\/support.google.com\/chrome\/bin\/answer.py?hl=es&amp;answer=95647<\/i><\/span><\/a><\/span><\/li><li class=\"li20\"><span class=\"s6\"><b><i>Explorer desde aqu\u00ed: <\/i><\/b><a href=\"http:\/\/windows.microsoft.com\/es-es\/internet-explorer\/delete-manage-cookies%23ie%253Die-10\" target=\"_blank\" rel=\"noopener\"><span class=\"s10\"><i>http:\/\/windows.microsoft.com\/es-es\/internet-explorer\/delete-manage- cookies#ie=ie-10<\/i><\/span><\/a><\/span><\/li><li class=\"li21\"><span class=\"s6\"><b><i>Safari desde aqu\u00ed:<\/i><\/b><\/span><span class=\"s7\"><b><i> <\/i><\/b><a href=\"https:\/\/support.apple.com\/kb\/ph17191?locale=es_ES\" target=\"_blank\" rel=\"noopener\"><span class=\"s8\"><i>https:\/\/support.apple.com\/kb\/ph17191?locale=es_ES<\/i><\/span><\/a><\/span><\/li><li class=\"li20\"><span class=\"s6\"><b><i>Opera desde aqu\u00ed:<\/i><\/b><\/span><span class=\"s9\"><b><i> <\/i><\/b><a href=\"https:\/\/help.opera.com\/en\/latest\/web-preferences\/%23cookies\" target=\"_blank\" rel=\"noopener\"><span class=\"s8\"><i>https:\/\/help.opera.com\/en\/latest\/web-preferences\/#cookies<\/i><\/span><\/a><\/span><\/li><\/ul><p class=\"p23\"><span class=\"s1\">Para conocer m\u00e1s informaci\u00f3n sobre el tratamiento de datos personales, le recomendamos visitar nuestro apartado \u201c<\/span><span class=\"s11\"><i>Pol\u00edtica de Privacidad<\/i><\/span><span class=\"s1\">\u201d.<\/span><\/p>\t\t\t\t\t\t\t\t<\/div>\n\t\t\t\t<\/div>\n\t\t\t\t\t<\/div>\n\t\t<\/div>\n\t\t\t\t\t<\/div>\n\t\t<\/section>\n\t\t\t\t<\/div>\n\t\t","protected":false},"excerpt":{"rendered":"<p>Pol\u00edtica de Cookies (ESP) POL\u00cdTICA DE COOKIES Conforme a lo dispuesto en el art\u00edculo 22.2 de la Ley 34\/2002, de 11 de julio, de Servicios de la Sociedad de la Informaci\u00f3n y de Comercio Electr\u00f3nico (LSSI-CE) vigente, SINDICAT DE PERIODISTES DE LES ILLES BALEARS debe cumplir con la obligaci\u00f3n de informar sobre las cookies que [&hellip;]<\/p>\n","protected":false},"author":1,"featured_media":0,"parent":0,"menu_order":0,"comment_status":"closed","ping_status":"closed","template":"","meta":{"footnotes":""},"class_list":["post-2787","page","type-page","status-publish","hentry"],"_links":{"self":[{"href":"https:\/\/spib.press\/es\/wp-json\/wp\/v2\/pages\/2787","targetHints":{"allow":["GET"]}}],"collection":[{"href":"https:\/\/spib.press\/es\/wp-json\/wp\/v2\/pages"}],"about":[{"href":"https:\/\/spib.press\/es\/wp-json\/wp\/v2\/types\/page"}],"author":[{"embeddable":true,"href":"https:\/\/spib.press\/es\/wp-json\/wp\/v2\/users\/1"}],"replies":[{"embeddable":true,"href":"https:\/\/spib.press\/es\/wp-json\/wp\/v2\/comments?post=2787"}],"version-history":[{"count":0,"href":"https:\/\/spib.press\/es\/wp-json\/wp\/v2\/pages\/2787\/revisions"}],"wp:attachment":[{"href":"https:\/\/spib.press\/es\/wp-json\/wp\/v2\/media?parent=2787"}],"curies":[{"name":"wp","href":"https:\/\/api.w.org\/{rel}","templated":true}]}}